{"id":1569,"date":"2021-06-11T13:19:38","date_gmt":"2021-06-11T13:19:38","guid":{"rendered":"https:\/\/elearning.learngen.eu\/intergenerational-learning-curriculum\/"},"modified":"2021-09-23T06:58:49","modified_gmt":"2021-09-23T06:58:49","slug":"intergenerational-learning-curriculum","status":"publish","type":"page","link":"https:\/\/www.elearning.learngen.eu\/cs\/intergenerational-learning-curriculum\/","title":{"rendered":"Kurikulum pro mezigenera\u010dn\u00ed vzd\u011bl\u00e1v\u00e1n"},"content":{"rendered":"<h2>Moduly<\/h2>\n<div><\/p><\/div>\n<ul>\n<li>\n<h3>IO1-C1<\/h3>\n<div>\n<div class=\"uk-width-1-1 uk-text-center\">\n    <img decoding=\"async\" class=\"course-image\" alt=\"Course 1\" src=\"\/wp-content\/uploads\/2021\/06\/ccIO1-C1.png\" \/><\/div>\n<h4 class=\"uk-h4 uk-text-center\">\u00davod do mezigenera\u010dn\u00edho mentoringu<\/h4>\n<div class=\"uk-position-bottom\">\n    <\/div>\n<\/div>\n<p><a href=\"\/cs\/intergenerational-learning-curriculum\/introduction-to-intergenerational-mentoring\/\"><\/a><\/p>\n<\/li>\n<li>\n<h3>IO1-C2<\/h3>\n<div>\n<div class=\"uk-width-1-1 uk-text-center\">\n    <img decoding=\"async\" class=\"course-image\" alt=\"Course 1\" src=\"\/wp-content\/uploads\/2021\/06\/ccIO1-C2.png\" \/><\/div>\n<h4 class=\"uk-h4 uk-text-center\">Anal\u00fdza pot\u0159eb k identifikaci mezigenera\u010dn\u00edch pot\u0159eb v organizac\u00edch<\/h4>\n<div class=\"uk-position-bottom\">\n    <\/div>\n<\/div>\n<p><a href=\"\/cs\/intergenerational-learning-curriculum\/needs-analysis-to-identify-intergenerational-needs-in-businesses\/\"><\/a><\/p>\n<\/li>\n<li>\n<h3>IO1-C3<\/h3>\n<div>\n<div class=\"uk-width-1-1 uk-text-center\">\n    <img decoding=\"async\" class=\"course-image\" alt=\"Course 1\" src=\"\/wp-content\/uploads\/2021\/06\/ccIO1-C3.png\" \/><\/div>\n<h4 class=\"uk-h4 uk-text-center\">Navrhov\u00e1n\u00ed strategi\u00ed pro mana\u017eerky a mana\u017eery, odbornice a odborn\u00edky v HR a poskytovatele odborn\u00e9ho vzd\u011bl\u00e1v\u00e1n\u00ed a p\u0159\u00edpravy v boji proti ageismu a soci\u00e1ln\u00edmu vylou\u010den\u00ed na pracovi\u0161ti<\/h4>\n<div class=\"uk-position-bottom\">\n    <\/div>\n<\/div>\n<p><a href=\"\/cs\/intergenerational-learning-curriculum\/designing-strategies-for-managers-hr-professionals-and-vet-providers-to-combat-ageism-and-social-exclusion-at-the-workplace\/\"><\/a><\/p>\n<\/li>\n<li>\n<h3>IO1-C4<\/h3>\n<div>\n<div class=\"uk-width-1-1 uk-text-center\">\n    <img decoding=\"async\" class=\"course-image\" alt=\"Course 1\" src=\"\/wp-content\/uploads\/2021\/06\/ccIO1-C4.png\" \/><\/div>\n<h4 class=\"uk-h4 uk-text-center\">Implementace, monitorov\u00e1n\u00ed a hodnocen\u00ed strategi\u00ed pro mana\u017eerky, mana\u017eery, odbornice a odborn\u00edky na HR a poskytovatele odborn\u00e9ho vzd\u011bl\u00e1v\u00e1n\u00ed a p\u0159\u00edpravy v boji proti ageismu a soci\u00e1ln\u00edmu vylou\u010den\u00ed na pracovi\u0161ti<\/h4>\n<div class=\"uk-position-bottom\">\n    <\/div>\n<\/div>\n<p><a href=\"\/cs\/intergenerational-learning-curriculum\/implementing-monitoring-and-evaluating-the-above-strategies\/\"><\/a><\/p>\n<\/li>\n<li>\n<h3>IO1-C5<\/h3>\n<div>\n<div class=\"uk-width-1-1 uk-text-center\">\n    <img decoding=\"async\" class=\"course-image\" alt=\"Course 1\" src=\"\/wp-content\/uploads\/2021\/06\/ccIO1-C5.png\" \/><\/div>\n<h4 class=\"uk-h4 uk-text-center\">Program Jak vy\u0161kolit v mentorov\u00e1n\u00ed <\/h4>\n<div class=\"uk-position-bottom\">\n    <\/div>\n<\/div>\n<p><a href=\"\/cs\/intergenerational-learning-curriculum\/train-the-mentor-programme\/\"><\/a><\/p>\n<\/li>\n<li>\n<h3>IO1-C6<\/h3>\n<div>\n<div class=\"uk-width-1-1 uk-text-center\">\n    <img decoding=\"async\" class=\"course-image\" alt=\"Course 1\" src=\"\/wp-content\/uploads\/2021\/06\/ccIO1-C6.png\" \/><\/div>\n<h4 class=\"uk-h4 uk-text-center\">Implementace, monitorov\u00e1n\u00ed a hodnocen\u00ed vzd\u011bl\u00e1vac\u00edho programu<\/h4>\n<div class=\"uk-position-bottom\">\n    <\/div>\n<\/div>\n<p><a href=\"\/cs\/intergenerational-learning-curriculum\/implementing-monitoring-and-evaluating-the-training-programme\/\"><\/a><\/p>\n<\/li>\n<\/ul>\n<p><!--more--><br \/>\n<!-- {\"type\":\"layout\",\"children\":[{\"type\":\"section\",\"props\":{\"style\":\"default\",\"width\":\"default\",\"vertical_align\":\"middle\",\"title_position\":\"top-left\",\"title_rotation\":\"left\",\"title_breakpoint\":\"xl\",\"image_position\":\"center-center\"},\"children\":[{\"type\":\"row\",\"children\":[{\"type\":\"column\",\"props\":{\"image_position\":\"center-center\",\"media_overlay_gradient\":\"\"},\"children\":[{\"type\":\"headline\",\"props\":{\"title_element\":\"h2\",\"content\":\"Moduly\",\"title_style\":\"h2\"}}]}]}]},{\"type\":\"section\",\"props\":{\"style\":\"default\",\"width\":\"default\",\"vertical_align\":\"middle\",\"title_position\":\"top-left\",\"title_rotation\":\"left\",\"title_breakpoint\":\"xl\",\"image_position\":\"center-center\",\"padding_remove_top\":true,\"padding_remove_bottom\":true},\"children\":[{\"type\":\"row\",\"children\":[{\"type\":\"column\",\"props\":{\"image_position\":\"center-center\",\"media_overlay_gradient\":\"\"},\"children\":[{\"type\":\"text\",\"props\":{\"margin\":\"default\",\"column_breakpoint\":\"m\",\"content\":\"[course_complete   course_id=\\\"738\\\"][course_complete   course_id=\\\"742\\\"][course_complete   course_id=\\\"740\\\"][course_complete   course_id=\\\"738\\\"][course_complete   course_id=\\\"736\\\"][course_complete   course_id=\\\"734\\\"]\n\n<div class=\\\"uk-text-center display-none3 divC\\\">\n\n<h2 class=\\\"uk-h2\\\">Dokon\\u010dili jste tento kurz!<\\\/h2> <span class=\\\"certificateBtn\\\">[ld_certificate course_id=\\\"742\\\"]<\\\/span><\\\/div> [\\\/course_complete]\",\"class\":\"display-none\"}}]}]}]},{\"type\":\"section\",\"props\":{\"style\":\"default\",\"width\":\"default\",\"vertical_align\":\"middle\",\"title_position\":\"top-left\",\"title_rotation\":\"left\",\"title_breakpoint\":\"xl\",\"image_position\":\"center-center\",\"padding_remove_top\":true,\"animation\":\"fade\",\"animation_delay\":\"200\"},\"children\":[{\"type\":\"row\",\"children\":[{\"type\":\"column\",\"props\":{\"image_position\":\"center-center\",\"media_overlay_gradient\":\"\"},\"children\":[{\"type\":\"grid\",\"props\":{\"show_title\":false,\"show_meta\":false,\"show_content\":true,\"show_image\":false,\"show_link\":true,\"grid_default\":\"1\",\"grid_medium\":\"3\",\"filter_style\":\"tab\",\"filter_all\":true,\"filter_position\":\"top\",\"filter_align\":\"left\",\"filter_grid_width\":\"auto\",\"filter_grid_breakpoint\":\"m\",\"title_hover_style\":\"reset\",\"title_element\":\"h3\",\"title_align\":\"top\",\"title_grid_width\":\"1-2\",\"title_grid_breakpoint\":\"m\",\"meta_style\":\"meta\",\"meta_align\":\"below-title\",\"meta_element\":\"div\",\"content_column_breakpoint\":\"m\",\"icon_width\":80,\"image_align\":\"top\",\"image_grid_width\":\"1-2\",\"image_grid_breakpoint\":\"m\",\"image_svg_color\":\"emphasis\",\"link_text\":\"\",\"link_style\":\"default\",\"margin\":\"default\",\"item_animation\":true,\"panel_link\":true,\"class\":\"mod-grid \",\"grid_large\":\"3\",\"grid_xlarge\":\"3\",\"css\":\".uk-h4{font-size:18px;transition:all .5s ease-out;}\\n\\n.el-item{padding:0px !important;padding-top:20px !important;\\n    transition:all .5s ease-out;background-color:#F7F9F9; padding:30px;-webkit-box-shadow: 0 0 5px #707070;\\n        box-shadow: 0 0 5px #707070;}\\n\\n\\n.el-item:hover {background-color:#DFEAEA;}\\n.el-item:hover .uk-h4 {color:#000;}\\n\\n.ld-progress-percentage{display:none}\\n.learndash-wrapper .ld-progress .ld-progress-bar{border-radius:0px;}\\n.ld-progress.ld-progress-inline, .ld-progress-bar{margin-bottom:0px;}\\n\\n.learndash-wrapper.learndash-widget .ld-progress .ld-progress-bar {background-color:#EDBBB0; height:10px;}\\n.el-content .uk-width-1-1.uk-text-center, .el-content .uk-h4{\\npadding-left:20px;padding-right:20px;}\\n.ld-progress-bar-percentage{height:10px;}\\n.el-content{height:100%:}\\n\",\"animation\":\"fade\"},\"children\":[{\"type\":\"grid_item\",\"props\":{\"content\":\"\n\n<div class=\\\"uk-width-1-1 uk-text-center\\\">\\n    <img class=\\\"course-image\\\" alt=\\\"Course 1\\\" src=\\\"\\\/wp-content\\\/uploads\\\/2021\\\/06\\\/ccIO1-C1.png\\\" \\\/><\\\/div>\\n\n\n<h4 class=\\\"uk-h4 uk-text-center\\\">\\u00davod do mezigenera\\u010dn\\u00edho mentoringu<\\\/h4>\\n\\n\n\n<div class=\\\"uk-position-bottom\\\">\\n    [learndash_course_progress course_id=\\\"283\\\"]<\\\/div>\",\"link\":\"\\\/cs\\\/intergenerational-learning-curriculum\\\/introduction-to-intergenerational-mentoring\\\/\",\"title\":\"IO1-C1\"}},{\"type\":\"grid_item\",\"props\":{\"content\":\"\n\n<div class=\\\"uk-width-1-1 uk-text-center\\\">\\n    <img class=\\\"course-image\\\" alt=\\\"Course 1\\\" src=\\\"\\\/wp-content\\\/uploads\\\/2021\\\/06\\\/ccIO1-C2.png\\\" \\\/><\\\/div>\\n\n\n<h4 class=\\\"uk-h4 uk-text-center\\\">Anal\\u00fdza pot\\u0159eb k identifikaci mezigenera\\u010dn\\u00edch pot\\u0159eb v organizac\\u00edch<\\\/h4>\\n\\n\n\n<div class=\\\"uk-position-bottom\\\">\\n    [learndash_course_progress course_id=\\\"734\\\"]<\\\/div>\\n\\n\",\"link\":\"\\\/cs\\\/intergenerational-learning-curriculum\\\/needs-analysis-to-identify-intergenerational-needs-in-businesses\\\/\",\"title\":\"IO1-C2\"}},{\"type\":\"grid_item\",\"props\":{\"content\":\"\n\n<div class=\\\"uk-width-1-1 uk-text-center\\\">\\n    <img class=\\\"course-image\\\" alt=\\\"Course 1\\\" src=\\\"\\\/wp-content\\\/uploads\\\/2021\\\/06\\\/ccIO1-C3.png\\\" \\\/><\\\/div>\\n\n\n<h4 class=\\\"uk-h4 uk-text-center\\\">Navrhov\\u00e1n\\u00ed strategi\\u00ed pro mana\\u017eerky a mana\\u017eery, odbornice a odborn\\u00edky v HR a poskytovatele odborn\\u00e9ho vzd\\u011bl\\u00e1v\\u00e1n\\u00ed a p\\u0159\\u00edpravy v boji proti ageismu a soci\\u00e1ln\\u00edmu vylou\\u010den\\u00ed na pracovi\\u0161ti<\\\/h4>\\n\n\n<div class=\\\"uk-position-bottom\\\">\\n    [learndash_course_progress course_id=\\\"736\\\"]<\\\/div>\\n\",\"link\":\"\\\/cs\\\/intergenerational-learning-curriculum\\\/designing-strategies-for-managers-hr-professionals-and-vet-providers-to-combat-ageism-and-social-exclusion-at-the-workplace\\\/\",\"title\":\"IO1-C3\"}},{\"type\":\"grid_item\",\"props\":{\"content\":\"\n\n<div class=\\\"uk-width-1-1 uk-text-center\\\">\\n    <img class=\\\"course-image\\\" alt=\\\"Course 1\\\" src=\\\"\\\/wp-content\\\/uploads\\\/2021\\\/06\\\/ccIO1-C4.png\\\" \\\/><\\\/div>\\n\n\n<h4 class=\\\"uk-h4 uk-text-center\\\">Implementace, monitorov\\u00e1n\\u00ed a hodnocen\\u00ed strategi\\u00ed pro mana\\u017eerky, mana\\u017eery, odbornice a odborn\\u00edky na HR a poskytovatele odborn\\u00e9ho vzd\\u011bl\\u00e1v\\u00e1n\\u00ed a p\\u0159\\u00edpravy v boji proti ageismu a soci\\u00e1ln\\u00edmu vylou\\u010den\\u00ed na pracovi\\u0161ti<\\\/h4>\\n\n\n<div class=\\\"uk-position-bottom\\\">\\n    [learndash_course_progress course_id=\\\"738\\\"]<\\\/div>\",\"link\":\"\\\/cs\\\/intergenerational-learning-curriculum\\\/implementing-monitoring-and-evaluating-the-above-strategies\\\/\",\"title\":\"IO1-C4\"}},{\"type\":\"grid_item\",\"props\":{\"content\":\"\n\n<div class=\\\"uk-width-1-1 uk-text-center\\\">\\n    <img class=\\\"course-image\\\" alt=\\\"Course 1\\\" src=\\\"\\\/wp-content\\\/uploads\\\/2021\\\/06\\\/ccIO1-C5.png\\\" \\\/><\\\/div>\\n\n\n<h4 class=\\\"uk-h4 uk-text-center\\\">Program Jak vy\\u0161kolit v mentorov\\u00e1n\\u00ed <\\\/h4>\\n\\n\n\n<div class=\\\"uk-position-bottom\\\">\\n    [learndash_course_progress course_id=\\\"740\\\"]<\\\/div>\\n\",\"link\":\"\\\/cs\\\/intergenerational-learning-curriculum\\\/train-the-mentor-programme\\\/\",\"title\":\"IO1-C5\"}},{\"type\":\"grid_item\",\"props\":{\"content\":\"\n\n<div class=\\\"uk-width-1-1 uk-text-center\\\">\\n    <img class=\\\"course-image\\\" alt=\\\"Course 1\\\" src=\\\"\\\/wp-content\\\/uploads\\\/2021\\\/06\\\/ccIO1-C6.png\\\" \\\/><\\\/div>\\n\n\n<h4 class=\\\"uk-h4 uk-text-center\\\">Implementace, monitorov\\u00e1n\\u00ed a hodnocen\\u00ed vzd\\u011bl\\u00e1vac\\u00edho programu<\\\/h4>\\n\n\n<div class=\\\"uk-position-bottom\\\">\\n    [learndash_course_progress course_id=\\\"742\\\"]<\\\/div>\",\"link\":\"\\\/cs\\\/intergenerational-learning-curriculum\\\/implementing-monitoring-and-evaluating-the-training-programme\\\/\",\"title\":\"IO1-C6\"}}]}]}]}]}],\"version\":\"2.5.8\"} --><\/p>\n","protected":false},"excerpt":{"rendered":"<p>Moduly IO1-C1 \u00davod do mezigenera\u010dn\u00edho mentoringu IO1-C2 Anal\u00fdza pot\u0159eb k identifikaci mezigenera\u010dn\u00edch pot\u0159eb v organizac\u00edch IO1-C3 Navrhov\u00e1n\u00ed strategi\u00ed pro mana\u017eerky a mana\u017eery, odbornice a odborn\u00edky v HR a poskytovatele odborn\u00e9ho vzd\u011bl\u00e1v\u00e1n\u00ed a p\u0159\u00edpravy v boji proti ageismu a soci\u00e1ln\u00edmu vylou\u010den\u00ed na pracovi\u0161ti IO1-C4 Implementace, monitorov\u00e1n\u00ed a hodnocen\u00ed strategi\u00ed pro mana\u017eerky, mana\u017eery, odbornice a odborn\u00edky na [&hellip;]<\/p>\n","protected":false},"author":1,"featured_media":0,"parent":0,"menu_order":0,"comment_status":"closed","ping_status":"closed","template":"","meta":{"_acf_changed":false,"footnotes":""},"comple_tax":[],"class_list":["post-1569","page","type-page","status-publish","hentry"],"acf":[],"_links":{"self":[{"href":"https:\/\/www.elearning.learngen.eu\/cs\/wp-json\/wp\/v2\/pages\/1569","targetHints":{"allow":["GET"]}}],"collection":[{"href":"https:\/\/www.elearning.learngen.eu\/cs\/wp-json\/wp\/v2\/pages"}],"about":[{"href":"https:\/\/www.elearning.learngen.eu\/cs\/wp-json\/wp\/v2\/types\/page"}],"author":[{"embeddable":true,"href":"https:\/\/www.elearning.learngen.eu\/cs\/wp-json\/wp\/v2\/users\/1"}],"replies":[{"embeddable":true,"href":"https:\/\/www.elearning.learngen.eu\/cs\/wp-json\/wp\/v2\/comments?post=1569"}],"version-history":[{"count":21,"href":"https:\/\/www.elearning.learngen.eu\/cs\/wp-json\/wp\/v2\/pages\/1569\/revisions"}],"predecessor-version":[{"id":2832,"href":"https:\/\/www.elearning.learngen.eu\/cs\/wp-json\/wp\/v2\/pages\/1569\/revisions\/2832"}],"wp:attachment":[{"href":"https:\/\/www.elearning.learngen.eu\/cs\/wp-json\/wp\/v2\/media?parent=1569"}],"wp:term":[{"taxonomy":"comple_tax","embeddable":true,"href":"https:\/\/www.elearning.learngen.eu\/cs\/wp-json\/wp\/v2\/comple_tax?post=1569"}],"curies":[{"name":"wp","href":"https:\/\/api.w.org\/{rel}","templated":true}]}}