{"id":1563,"date":"2021-06-11T11:00:25","date_gmt":"2021-06-11T11:00:25","guid":{"rendered":"https:\/\/elearning.learngen.eu\/homepage\/"},"modified":"2022-03-17T11:20:33","modified_gmt":"2022-03-17T11:20:33","slug":"homepage","status":"publish","type":"page","link":"https:\/\/www.elearning.learngen.eu\/cs\/","title":{"rendered":"Homepage"},"content":{"rendered":"<h3>Mezigenera\u010dn\u00ed mentoring a vzd\u011bl\u00e1v\u00e1n\u00ed na pracovi\u0161ti <\/h3>\n<p><img decoding=\"async\" src=\"\/wp-content\/uploads\/2021\/06\/cchero-elearn.png\" alt=\"\"><\/p>\n<ul>\n<li>\n<div>\n<div class=\"uk-width-1-1 uk-text-center\">\n    <img decoding=\"async\" class=\"course-image\" alt=\"Course 1\" src=\"\/wp-content\/uploads\/2021\/06\/cccourse1.png\" \/><\/div>\n<h4 class=\"uk-h4 uk-text-center\">Kurikulum pro mezigenera\u010dn\u00ed vzd\u011bl\u00e1v\u00e1n\u00ed<\/h4>\n<div class=\"uk-width-1-1 uk-text-center\">\n<img decoding=\"async\" class=\"unlock-cc\" alt=\"Course 1\" src=\"\/wp-content\/uploads\/2021\/06\/ccunlock.png\" \/><\/div>\n<p> <a href=\"#login\" class=\"hidden_to_logged_in uk-margin-top uk-width-1-1 uk-button uk-button-primary\">ENTER<\/a><\/p>\n<p><a href=\"\/cs\/courses\/intergenerational-learning-curriculum\/\" class=\"hidden_to_logged_out uk-margin-top uk-width-1-1 uk-button uk-button-primary\">ENTER<\/a><\/p>\n<\/div>\n<\/li>\n<li>\n<div>\n<div class=\"uk-width-1-1 uk-text-center\"><img decoding=\"async\" class=\"course-image\" alt=\"Course 2\" src=\"\/wp-content\/uploads\/2021\/06\/cccourse2.png\" \/><\/div>\n<h4 class=\"uk-h4 uk-text-center\">\u0160kolen\u00ed pro zam\u011bstnance vy\u0161kolen\u00e9 k tomu, aby se stali mentory<\/h4>\n<div class=\"uk-width-1-1 uk-text-center\">\n<img decoding=\"async\" class=\"unlock-cc\" alt=\"Course 1\" src=\"\/wp-content\/uploads\/2021\/06\/ccunlock.png\" \/><\/div>\n<p> <a href=\"#login\" class=\"hidden_to_logged_in uk-margin-top uk-width-1-1 uk-button uk-button-primary\">ENTER<\/a><\/p>\n<p><a href=\"https:\/\/elearning.learngen.eu\/cs\/courses\/training-package-for-employees-trained-to-become-mentors\/\" class=\"hidden_to_logged_out uk-margin-top uk-width-1-1 uk-button uk-button-primary\">ENTER<\/a><\/p>\n<\/div>\n<\/li>\n<\/ul>\n<p><!--more--><br \/>\n<!-- {\"type\":\"layout\",\"children\":[{\"type\":\"section\",\"props\":{\"style\":\"default\",\"width\":\"default\",\"vertical_align\":\"middle\",\"title_position\":\"top-left\",\"title_rotation\":\"left\",\"title_breakpoint\":\"xl\",\"image_position\":\"center-center\",\"animation\":\"fade\",\"animation_delay\":\"300\"},\"children\":[{\"type\":\"row\",\"children\":[{\"type\":\"column\",\"props\":{\"image_position\":\"center-center\",\"media_overlay_gradient\":\"\",\"position_sticky_breakpoint\":\"m\"},\"children\":[{\"type\":\"headline\",\"props\":{\"title_element\":\"h3\",\"content\":\"Mezigenera\\u010dn\\u00ed mentoring a vzd\\u011bl\\u00e1v\\u00e1n\\u00ed na pracovi\\u0161ti \",\"title_style\":\"h3\",\"text_align\":\"center\"}},{\"type\":\"image\",\"props\":{\"margin\":\"default\",\"image_svg_color\":\"emphasis\",\"text_align\":\"center\",\"image\":\"wp-content\\\/uploads\\\/2021\\\/06\\\/cchero-elearn.png\"}}]}]},{\"type\":\"row\",\"children\":[{\"type\":\"column\",\"props\":{\"image_position\":\"center-center\",\"media_overlay_gradient\":\"\",\"position_sticky_breakpoint\":\"m\"},\"children\":[{\"type\":\"grid\",\"props\":{\"show_title\":true,\"show_meta\":true,\"show_content\":true,\"show_image\":true,\"show_link\":true,\"grid_default\":\"1\",\"grid_medium\":\"2\",\"filter_style\":\"tab\",\"filter_all\":true,\"filter_position\":\"top\",\"filter_align\":\"left\",\"filter_grid_width\":\"auto\",\"filter_grid_breakpoint\":\"m\",\"title_hover_style\":\"reset\",\"title_element\":\"h3\",\"title_align\":\"top\",\"title_grid_width\":\"1-2\",\"title_grid_breakpoint\":\"m\",\"meta_style\":\"meta\",\"meta_align\":\"below-title\",\"meta_element\":\"div\",\"content_column_breakpoint\":\"m\",\"icon_width\":80,\"image_align\":\"top\",\"image_grid_width\":\"1-2\",\"image_grid_breakpoint\":\"m\",\"image_svg_color\":\"emphasis\",\"link_text\":\"Read more\",\"link_style\":\"default\",\"margin\":\"default\",\"item_animation\":true,\"text_align\":\"center\",\"class\":\"course-grid\",\"grid_large\":\"2\",\"maxwidth\":\"2xlarge\",\"block_align\":\"center\"},\"children\":[{\"type\":\"grid_item\",\"props\":{\"content\":\"\n\n<div class=\\\"uk-width-1-1 uk-text-center\\\">\\n    <img class=\\\"course-image\\\" alt=\\\"Course 1\\\" src=\\\"wp-content\\\/uploads\\\/2021\\\/06\\\/cccourse1.png\\\" \\\/><\\\/div>\\n\n\n<h4 class=\\\"uk-h4 uk-text-center\\\">Kurikulum pro mezigenera\\u010dn\\u00ed vzd\\u011bl\\u00e1v\\u00e1n\\u00ed<\\\/h4>\\n\n\n<div class=\\\"uk-width-1-1 uk-text-center\\\">\\n<img class=\\\"unlock-cc\\\" alt=\\\"Course 1\\\" src=\\\"wp-content\\\/uploads\\\/2021\\\/06\\\/ccunlock.png\\\" \\\/><\\\/div>\\n\\n <a href=\\\"#login\\\" class=\\\"hidden_to_logged_in uk-margin-top uk-width-1-1 uk-button uk-button-primary\\\">[enter_text]<\\\/a>\\n\\n\\n<a href=\\\"cs\\\/courses\\\/intergenerational-learning-curriculum\\\/\\\" class=\\\"hidden_to_logged_out uk-margin-top uk-width-1-1 uk-button uk-button-primary\\\">[enter_text]<\\\/a>\\n\\n\\n\"}},{\"type\":\"grid_item\",\"props\":{\"content\":\"\n\n<div class=\\\"uk-width-1-1 uk-text-center\\\"><img class=\\\"course-image\\\" alt=\\\"Course 2\\\" src=\\\"wp-content\\\/uploads\\\/2021\\\/06\\\/cccourse2.png\\\" \\\/><\\\/div>\\n\n\n<h4 class=\\\"uk-h4 uk-text-center\\\">\\u0160kolen\\u00ed pro zam\\u011bstnance vy\\u0161kolen\\u00e9 k tomu, aby se stali mentory<\\\/h4>\\n\n\n<div class=\\\"uk-width-1-1 uk-text-center\\\">\\n<img class=\\\"unlock-cc\\\" alt=\\\"Course 1\\\" src=\\\"wp-content\\\/uploads\\\/2021\\\/06\\\/ccunlock.png\\\" \\\/><\\\/div>\\n\\n <a href=\\\"#login\\\" class=\\\"hidden_to_logged_in uk-margin-top uk-width-1-1 uk-button uk-button-primary\\\">[enter_text]<\\\/a>\\n\\n\\n<a href=\\\"https:\\\/\\\/elearning.learngen.eu\\\/cs\\\/courses\\\/training-package-for-employees-trained-to-become-mentors\\\/\\\" class=\\\"hidden_to_logged_out uk-margin-top uk-width-1-1 uk-button uk-button-primary\\\">[enter_text]<\\\/a>\\n\\n\\n\\n\\n\\n\"}}]}]}]}]}],\"version\":\"2.7.16\"} --><\/p>\n","protected":false},"excerpt":{"rendered":"<p>Mezigenera\u010dn\u00ed mentoring a vzd\u011bl\u00e1v\u00e1n\u00ed na pracovi\u0161ti Kurikulum pro mezigenera\u010dn\u00ed vzd\u011bl\u00e1v\u00e1n\u00ed \u0160kolen\u00ed pro zam\u011bstnance vy\u0161kolen\u00e9 k tomu, aby se stali mentory<\/p>\n","protected":false},"author":1,"featured_media":0,"parent":0,"menu_order":0,"comment_status":"closed","ping_status":"closed","template":"","meta":{"_acf_changed":false,"footnotes":""},"comple_tax":[],"class_list":["post-1563","page","type-page","status-publish","hentry"],"acf":[],"_links":{"self":[{"href":"https:\/\/www.elearning.learngen.eu\/cs\/wp-json\/wp\/v2\/pages\/1563","targetHints":{"allow":["GET"]}}],"collection":[{"href":"https:\/\/www.elearning.learngen.eu\/cs\/wp-json\/wp\/v2\/pages"}],"about":[{"href":"https:\/\/www.elearning.learngen.eu\/cs\/wp-json\/wp\/v2\/types\/page"}],"author":[{"embeddable":true,"href":"https:\/\/www.elearning.learngen.eu\/cs\/wp-json\/wp\/v2\/users\/1"}],"replies":[{"embeddable":true,"href":"https:\/\/www.elearning.learngen.eu\/cs\/wp-json\/wp\/v2\/comments?post=1563"}],"version-history":[{"count":5,"href":"https:\/\/www.elearning.learngen.eu\/cs\/wp-json\/wp\/v2\/pages\/1563\/revisions"}],"predecessor-version":[{"id":5960,"href":"https:\/\/www.elearning.learngen.eu\/cs\/wp-json\/wp\/v2\/pages\/1563\/revisions\/5960"}],"wp:attachment":[{"href":"https:\/\/www.elearning.learngen.eu\/cs\/wp-json\/wp\/v2\/media?parent=1563"}],"wp:term":[{"taxonomy":"comple_tax","embeddable":true,"href":"https:\/\/www.elearning.learngen.eu\/cs\/wp-json\/wp\/v2\/comple_tax?post=1563"}],"curies":[{"name":"wp","href":"https:\/\/api.w.org\/{rel}","templated":true}]}}